{"id":999,"date":"2025-09-05T12:54:57","date_gmt":"2025-09-05T10:54:57","guid":{"rendered":"https:\/\/hospital360.eu\/?page_id=999"},"modified":"2025-09-06T08:21:25","modified_gmt":"2025-09-06T06:21:25","slug":"dr-lukasz-smyk","status":"publish","type":"page","link":"https:\/\/hospital360.eu\/?page_id=999","title":{"rendered":"lek. \u0141ukasz Smyk"},"content":{"rendered":"\n<p class=\"has-contrast-dark-color has-text-color has-link-color has-superbfont-large-font-size wp-elements-5564ba515c48fa1b34a12ac00a38df80\">WARMI\u0143SKO-MAZURSKIE CENTRUM CHOR\u00d3B P\u0141UC | UNIWERSYTET WARMI\u0143SKO-MAZURSKI W OLSZTYNIE<\/p>\n\n\n\n<p><em>WARMIAN-MASURIAN CENTER OF PULMONARY DISEASES | UNIVERSITY OF WARMIA AND MAZURY IN OLSZTYN<\/em><\/p>\n\n\n\n<p class=\"has-contrast-dark-color has-text-color has-link-color wp-elements-1fa4739b7b513bb0d1aa3ba9d4d4ecdb\"><strong>Temat wyst\u0105pienia<\/strong>: <em><em>Agenci AI jako wsparcie personelu medycznego w pracy oddzia\u0142u \u2013 nowa odpowied\u017a na stare problemy<\/em><\/em><\/p>\n\n\n\n<p><em><strong>Presentation topic:<\/strong><\/em>\u00a0<em>AI agents as support for medical staff in hospital wards \u2013 a new answer to old problems<\/em><\/p>\n\n\n\n<figure class=\"wp-block-image size-full is-resized\"><img loading=\"lazy\" decoding=\"async\" width=\"1024\" height=\"682\" src=\"http:\/\/hospital360.eu\/wp-content\/uploads\/2025\/09\/Lukasz-Smyk-ze-szpilanet.jpg\" alt=\"\" class=\"wp-image-1004\" style=\"width:480px\" srcset=\"https:\/\/hospital360.eu\/wp-content\/uploads\/2025\/09\/Lukasz-Smyk-ze-szpilanet.jpg 1024w, https:\/\/hospital360.eu\/wp-content\/uploads\/2025\/09\/Lukasz-Smyk-ze-szpilanet-300x200.jpg 300w, https:\/\/hospital360.eu\/wp-content\/uploads\/2025\/09\/Lukasz-Smyk-ze-szpilanet-768x512.jpg 768w\" sizes=\"auto, (max-width: 1024px) 100vw, 1024px\" \/><\/figure>\n\n\n\n<p class=\"has-contrast-dark-color has-text-color has-link-color wp-elements-57599f6cf065006a4249c632224d49bd\"><strong>lek. \u0141ukasz Smyk<\/strong> \u2013 lekarz z ponad pi\u0119tnastoletnim do\u015bwiadczeniem klinicznym, specjalista chor\u00f3b wewn\u0119trznych i farmakologii klinicznej, obecnie w trakcie specjalizacji z alergologii. Nauczyciel akademicki w Katedrze Farmakologii i Toksykologii Uniwersytetu Warmi\u0144sko-Mazurskiego w Olsztynie, gdzie prowadzi zaj\u0119cia w j\u0119zyku polskim i angielskim. <\/p>\n\n\n\n<p class=\"has-contrast-dark-color has-text-color has-link-color wp-elements-4471b6c63969de66123201e3d33b78ac\">Jego zainteresowania zawodowe koncentruj\u0105 si\u0119 na nowoczesnych strategiach racjonalnej farmakoterapii i antybiotykoterapii oraz zastosowaniach sztucznej inteligencji w medycynie \u2013 zar\u00f3wno w praktyce klinicznej, jak i edukacji. Prywatnie pasjonat \u017ceglarstwa, narciarstwa i tenisa, ceni aktywny tryb \u017cycia i czas sp\u0119dzany z rodzin\u0105.<\/p>\n\n\n\n<p class=\"has-contrast-dark-color has-text-color has-link-color wp-elements-42d7955435f25a80a83de83d7b03c79c\"><strong>\u0141ukasz Smyk<\/strong> \u2013 physician with over fifteen years of clinical experience, specialist in internal medicine and clinical pharmacology, currently training in allergology. Academic teacher at the Department of Pharmacology and Toxicology, University of Warmia and Mazury in Olsztyn, where he lectures in both Polish and English. <\/p>\n\n\n\n<p class=\"has-contrast-dark-color has-text-color has-link-color wp-elements-b9f1bb37f18ad5b33d0989e57d48fcbc\">His professional interests focus on modern strategies of rational pharmacotherapy and antibiotic therapy, as well as the use of artificial intelligence in medicine \u2013 both in clinical decision-making and in education. Privately, he enjoys sailing, skiing, and tennis, valuing an active lifestyle and time spent with family.<\/p>\n","protected":false},"excerpt":{"rendered":"<p>WARMI\u0143SKO-MAZURSKIE CENTRUM CHOR\u00d3B P\u0141UC | UNIWERSYTET WARMI\u0143SKO-MAZURSKI W OLSZTYNIE WARMIAN-MASURIAN CENTER OF PULMONARY DISEASES | UNIVERSITY OF WARMIA AND MAZURY IN OLSZTYN Temat wyst\u0105pienia: Agenci AI jako wsparcie personelu medycznego w pracy oddzia\u0142u \u2013 nowa odpowied\u017a na stare problemy Presentation topic:\u00a0AI agents as support for medical staff in hospital wards \u2013 a new answer to [&hellip;]<\/p>\n","protected":false},"author":4,"featured_media":0,"parent":0,"menu_order":0,"comment_status":"closed","ping_status":"closed","template":"","meta":{"footnotes":""},"class_list":["post-999","page","type-page","status-publish","hentry"],"_links":{"self":[{"href":"https:\/\/hospital360.eu\/index.php?rest_route=\/wp\/v2\/pages\/999","targetHints":{"allow":["GET"]}}],"collection":[{"href":"https:\/\/hospital360.eu\/index.php?rest_route=\/wp\/v2\/pages"}],"about":[{"href":"https:\/\/hospital360.eu\/index.php?rest_route=\/wp\/v2\/types\/page"}],"author":[{"embeddable":true,"href":"https:\/\/hospital360.eu\/index.php?rest_route=\/wp\/v2\/users\/4"}],"replies":[{"embeddable":true,"href":"https:\/\/hospital360.eu\/index.php?rest_route=%2Fwp%2Fv2%2Fcomments&post=999"}],"version-history":[{"count":6,"href":"https:\/\/hospital360.eu\/index.php?rest_route=\/wp\/v2\/pages\/999\/revisions"}],"predecessor-version":[{"id":1011,"href":"https:\/\/hospital360.eu\/index.php?rest_route=\/wp\/v2\/pages\/999\/revisions\/1011"}],"wp:attachment":[{"href":"https:\/\/hospital360.eu\/index.php?rest_route=%2Fwp%2Fv2%2Fmedia&parent=999"}],"curies":[{"name":"wp","href":"https:\/\/api.w.org\/{rel}","templated":true}]}}