{"id":769,"date":"2025-09-01T09:50:24","date_gmt":"2025-09-01T07:50:24","guid":{"rendered":"https:\/\/hospital360.eu\/?page_id=769"},"modified":"2025-09-01T09:57:03","modified_gmt":"2025-09-01T07:57:03","slug":"dr-n-med-tomasz-maciejewski","status":"publish","type":"page","link":"https:\/\/hospital360.eu\/?page_id=769","title":{"rendered":"dr n. med. Tomasz Maciejewski"},"content":{"rendered":"\n<p class=\"has-mono-1-color has-text-color has-link-color has-superbfont-large-font-size wp-elements-dc9885682076a5bb196830ac8e40adf4\">Dyrektor Instytutu Matki i Dziecka w Warszawie<\/p>\n\n\n\n<p class=\"has-mono-1-color has-text-color has-link-color has-superbfont-large-font-size wp-elements-c284f59528b2303872a61954bab4a4c8\"><em>Director of the Mother and Child Institute, Warsaw<\/em><\/p>\n\n\n\n<p class=\"has-mono-1-color has-text-color has-link-color wp-elements-eefe074e5a7ac25a5d5aa36618c7c445\"><strong>Temat wyst\u0105pienia<\/strong><br><em>Zdrowie kobiet jako mechanizm poprawy zdrowia rodziny, ale tak\u017ce gospodarki<\/em><\/p>\n\n\n\n<p class=\"has-mono-1-color has-text-color has-link-color wp-elements-c6f32d25c48f96a5d52fa2173aa2afb6\"><em><strong>Speech<\/strong><br>Women\u2019s health as a driver of family well-being and economic growth<\/em><\/p>\n\n\n\n<figure class=\"wp-block-image size-large is-resized\"><img loading=\"lazy\" decoding=\"async\" width=\"687\" height=\"1024\" src=\"https:\/\/hospital360.eu\/wp-content\/uploads\/2025\/09\/01-Duzy-687x1024.jpeg\" alt=\"\" class=\"wp-image-772\" style=\"width:480px\" srcset=\"https:\/\/hospital360.eu\/wp-content\/uploads\/2025\/09\/01-Duzy-687x1024.jpeg 687w, https:\/\/hospital360.eu\/wp-content\/uploads\/2025\/09\/01-Duzy-201x300.jpeg 201w, https:\/\/hospital360.eu\/wp-content\/uploads\/2025\/09\/01-Duzy-768x1144.jpeg 768w, https:\/\/hospital360.eu\/wp-content\/uploads\/2025\/09\/01-Duzy.jpeg 859w\" sizes=\"auto, (max-width: 687px) 100vw, 687px\" \/><\/figure>\n\n\n\n<p class=\"has-mono-1-color has-text-color has-link-color wp-elements-a7f00d5090341d25ac68a39e4b35cbb7\"><strong><strong>Tomasz Maciejewski<\/strong><\/strong> \u2013 Dyrektor Instytutu Matki i Dziecka w Warszawie, ginekolog, po\u0142o\u017cnik i perinatolog. Autor licznych publikacji naukowych i ksi\u0105\u017cek z zakresu ginekologii, po\u0142o\u017cnictwa, zdrowia publicznego i innowacji medycznych. W swojej pracy \u0142\u0105czy perspektyw\u0119 kliniczn\u0105 z nowoczesnymi technologiami \u2013 stworzy\u0142 pierwszy w Polsce Dzia\u0142 ds. AI i Innowacji Technologicznych w publicznym instytucie ochrony zdrowia.<\/p>\n\n\n\n<p class=\"has-mono-1-color has-text-color has-link-color wp-elements-f853f404159be3bfd6231c0caaaf04d0\">Jest inicjatorem konkursu <strong>Mother and Child Startup Challenge<\/strong> oraz liderem grupy ds. innowacji w szpitalnictwie przy NIL IN \u2013 Sieci Lekarzy Innowator\u00f3w. Aktywnie dzia\u0142a w gremiach eksperckich, m.in. w Polskim Towarzystwie Ginekolog\u00f3w i Po\u0142o\u017cnik\u00f3w, Rz\u0105dowej Radzie Ludno\u015bciowej, Radzie Ekspert\u00f3w Rzecznika Praw Pacjenta i zespo\u0142ach ds. zarz\u0105dzania szpitalami. Wsp\u00f3\u0142tworzy\u0142 rekomendacje dotycz\u0105ce FAS i FASD, anga\u017cuje si\u0119 tak\u017ce w prace nad systemem kompensacji zdarze\u0144 medycznych.<\/p>\n\n\n\n<p class=\"has-mono-1-color has-text-color has-link-color wp-elements-656f7a8c937546b74c9a6b049e0afb2d\"><em><strong>Tomasz Maciejewski<\/strong> &#8211; Director of the Mother and Child Institute in Warsaw, gynecologist, obstetrician and perinatologist. Author of numerous scientific publications and books in obstetrics, gynecology, public health and medical innovations. In his professional work, he combines clinical expertise with new technologies \u2013 he established the first AI and Technological Innovation Department in a public healthcare research institution in Poland.<\/em><\/p>\n\n\n\n<p class=\"has-mono-1-color has-text-color has-link-color wp-elements-bc55968f27438f04b2cb6aae0b6a27fe\"><em>He is the initiator of the <strong>Mother and Child Startup Challenge<\/strong> and leader of the Hospital Innovation Working Group at NIL IN \u2013 the Network of Innovative Doctors. Actively engaged in expert bodies, including the Polish Society of Gynecologists and Obstetricians, the Government Population Council, the Expert Council of the Patient Rights Ombudsman, and hospital management teams. He co-authored national recommendations on FAS and FASD and contributes to the development of the Medical Event Compensation Fund system.<\/em><\/p>\n\n\n\n<p><\/p>\n\n\n\n<p><\/p>\n\n\n\n<p><\/p>\n","protected":false},"excerpt":{"rendered":"<p>Dyrektor Instytutu Matki i Dziecka w Warszawie Director of the Mother and Child Institute, Warsaw Temat wyst\u0105pieniaZdrowie kobiet jako mechanizm poprawy zdrowia rodziny, ale tak\u017ce gospodarki SpeechWomen\u2019s health as a driver of family well-being and economic growth Tomasz Maciejewski \u2013 Dyrektor Instytutu Matki i Dziecka w Warszawie, ginekolog, po\u0142o\u017cnik i perinatolog. Autor licznych publikacji naukowych [&hellip;]<\/p>\n","protected":false},"author":4,"featured_media":0,"parent":0,"menu_order":0,"comment_status":"closed","ping_status":"closed","template":"","meta":{"footnotes":""},"class_list":["post-769","page","type-page","status-publish","hentry"],"_links":{"self":[{"href":"https:\/\/hospital360.eu\/index.php?rest_route=\/wp\/v2\/pages\/769","targetHints":{"allow":["GET"]}}],"collection":[{"href":"https:\/\/hospital360.eu\/index.php?rest_route=\/wp\/v2\/pages"}],"about":[{"href":"https:\/\/hospital360.eu\/index.php?rest_route=\/wp\/v2\/types\/page"}],"author":[{"embeddable":true,"href":"https:\/\/hospital360.eu\/index.php?rest_route=\/wp\/v2\/users\/4"}],"replies":[{"embeddable":true,"href":"https:\/\/hospital360.eu\/index.php?rest_route=%2Fwp%2Fv2%2Fcomments&post=769"}],"version-history":[{"count":3,"href":"https:\/\/hospital360.eu\/index.php?rest_route=\/wp\/v2\/pages\/769\/revisions"}],"predecessor-version":[{"id":774,"href":"https:\/\/hospital360.eu\/index.php?rest_route=\/wp\/v2\/pages\/769\/revisions\/774"}],"wp:attachment":[{"href":"https:\/\/hospital360.eu\/index.php?rest_route=%2Fwp%2Fv2%2Fmedia&parent=769"}],"curies":[{"name":"wp","href":"https:\/\/api.w.org\/{rel}","templated":true}]}}