{"id":619,"date":"2025-08-29T17:56:20","date_gmt":"2025-08-29T15:56:20","guid":{"rendered":"https:\/\/hospital360.eu\/?page_id=619"},"modified":"2025-08-29T17:57:02","modified_gmt":"2025-08-29T15:57:02","slug":"taimi-tulva-phd","status":"publish","type":"page","link":"https:\/\/hospital360.eu\/?page_id=619","title":{"rendered":"Taimi Tulva, PhD"},"content":{"rendered":"\n<p class=\"has-mono-1-color has-text-color has-link-color has-superbfont-large-font-size wp-elements-a725fdb78c5b17cb442b08362fc7484a\">Tallinn Health Care College \/ Tallinn University (Estonia)<\/p>\n\n\n\n<p class=\"has-mono-1-color has-text-color has-link-color wp-elements-44afa33af0994f64c0b2ae9402a90aee\"><strong>Temat wyst\u0105pienia<\/strong><br><em>Prezentacja zespo\u0142owa<\/em><\/p>\n\n\n\n<p class=\"has-mono-1-color has-text-color has-link-color wp-elements-bb848153448b179ad3bcf3bd93b9d20e\"><em><strong><strong>Speech:<\/strong><\/strong><br>Part of the team<\/em><\/p>\n\n\n\n<figure class=\"wp-block-image size-full is-resized\"><img loading=\"lazy\" decoding=\"async\" width=\"143\" height=\"142\" src=\"http:\/\/hospital360.eu\/wp-content\/uploads\/2025\/08\/Taimi-Tulva.jpg\" alt=\"\" class=\"wp-image-620\" style=\"width:240px\"\/><\/figure>\n\n\n\n<p class=\"has-mono-1-color has-text-color has-link-color wp-elements-8a1b02c78bd5c954e2cebd805b4b6631\"><strong>Taimi Tulva (doktor nauk)&nbsp;<\/strong> \u2013 &nbsp;jest profesorem nadzwyczajnym Katedry Piel\u0119gniarstwa w Tallinn Health Care College oraz profesorem emeritus Uniwersytetu w Tallinie. Posiada dwa doktoraty \u2013 z nauk pedagogicznych (1976) i pracy socjalnej (1995). Wnios\u0142a ogromny wk\u0142ad w rozw\u00f3j pedagogiki przedszkolnej, psychologii oraz w stworzenie akademickiego systemu kszta\u0142cenia w zakresie pracy socjalnej w Estonii. W latach 1991\u20132016 by\u0142a profesorem pracy socjalnej na Uniwersytecie w Tallinie, gdzie kszta\u0142towa\u0142a kierunek rozwoju tej dyscypliny na poziomie krajowym. Jest autork\u0105 wielu publikacji naukowych z obszaru edukacji, nauk spo\u0142ecznych i zdrowia.<\/p>\n\n\n\n<p class=\"has-mono-1-color has-text-color has-link-color wp-elements-8f3fbc67e9612446034f9bcd71bfbfee\"><em><strong>Taimi Tulva (PhD)<\/strong><\/em> &#8211; <em>is Associate Professor at the Chair of Nursing, Tallinn Health Care College, and Professor Emeritus at Tallinn University. She holds two doctorates \u2013 in Educational Sciences (1976) and in Social Work (1995). She significantly contributed to the development of preschool pedagogy and psychology at Tallinn University and played a key role in establishing academic social work education in Estonia. From 1991 to 2016, she was Professor of Social Work at Tallinn University, shaping the discipline nationally. She is the author of numerous scientific publications in education, social sciences, and health sciences.<\/em><\/p>\n\n\n\n<p><\/p>\n\n\n\n<p><\/p>\n\n\n\n<p><\/p>\n","protected":false},"excerpt":{"rendered":"<p>Tallinn Health Care College \/ Tallinn University (Estonia) Temat wyst\u0105pieniaPrezentacja zespo\u0142owa Speech:Part of the team Taimi Tulva (doktor nauk)&nbsp; \u2013 &nbsp;jest profesorem nadzwyczajnym Katedry Piel\u0119gniarstwa w Tallinn Health Care College oraz profesorem emeritus Uniwersytetu w Tallinie. Posiada dwa doktoraty \u2013 z nauk pedagogicznych (1976) i pracy socjalnej (1995). Wnios\u0142a ogromny wk\u0142ad w rozw\u00f3j pedagogiki przedszkolnej, [&hellip;]<\/p>\n","protected":false},"author":4,"featured_media":0,"parent":0,"menu_order":0,"comment_status":"closed","ping_status":"closed","template":"","meta":{"footnotes":""},"class_list":["post-619","page","type-page","status-publish","hentry"],"_links":{"self":[{"href":"https:\/\/hospital360.eu\/index.php?rest_route=\/wp\/v2\/pages\/619","targetHints":{"allow":["GET"]}}],"collection":[{"href":"https:\/\/hospital360.eu\/index.php?rest_route=\/wp\/v2\/pages"}],"about":[{"href":"https:\/\/hospital360.eu\/index.php?rest_route=\/wp\/v2\/types\/page"}],"author":[{"embeddable":true,"href":"https:\/\/hospital360.eu\/index.php?rest_route=\/wp\/v2\/users\/4"}],"replies":[{"embeddable":true,"href":"https:\/\/hospital360.eu\/index.php?rest_route=%2Fwp%2Fv2%2Fcomments&post=619"}],"version-history":[{"count":2,"href":"https:\/\/hospital360.eu\/index.php?rest_route=\/wp\/v2\/pages\/619\/revisions"}],"predecessor-version":[{"id":622,"href":"https:\/\/hospital360.eu\/index.php?rest_route=\/wp\/v2\/pages\/619\/revisions\/622"}],"wp:attachment":[{"href":"https:\/\/hospital360.eu\/index.php?rest_route=%2Fwp%2Fv2%2Fmedia&parent=619"}],"curies":[{"name":"wp","href":"https:\/\/api.w.org\/{rel}","templated":true}]}}