{"id":593,"date":"2025-08-29T14:36:26","date_gmt":"2025-08-29T12:36:26","guid":{"rendered":"https:\/\/hospital360.eu\/?page_id=593"},"modified":"2025-09-17T13:53:44","modified_gmt":"2025-09-17T11:53:44","slug":"dr-n-med-joanna-pawlak","status":"publish","type":"page","link":"https:\/\/hospital360.eu\/?page_id=593","title":{"rendered":"dr n. med. Grzegorz Kulesza"},"content":{"rendered":"\n<p class=\"has-mono-1-color has-text-color has-link-color has-superbfont-large-font-size wp-elements-cc778ae32e3b6f7c6b27a400f286872d\">Koordynator Oddzia\u0142u Chirurgii Klatki Piersiowej, Warmi\u0144sko-Mazurskie Centrum Chor\u00f3b P\u0142uc<\/p>\n\n\n\n<p class=\"has-mono-1-color has-text-color has-link-color has-superbfont-large-font-size wp-elements-bcb608496b025fbb5a81a8f122d10fac\"><em>Coordinator of the Department of Thoracic Surgery,<\/em> <em>Warmian-Masurian Pulmonary Diseases Center&nbsp;in&nbsp;Olsztyn<\/em><\/p>\n\n\n\n<p class=\"has-mono-1-color has-text-color has-link-color wp-elements-1c1360a3c2c26664e2001aac5dc6838e\"><strong>Temat wyst\u0105pienia<\/strong><br><em>Historia i rola Oddzia\u0142u Torakochirurgii w strukturze Warmi\u0144sko-Mazurskiego Centrum Chor\u00f3b P\u0142uc w Olsztynie: wzrost zakresu dzia\u0142a\u0144 i zastosowane innowacje<\/em><\/p>\n\n\n\n<p class=\"has-mono-1-color has-text-color has-link-color wp-elements-4529ec8036fe79e0623070c2b9df002b\"><em><strong>Presentation topic<\/strong><br>History and role of the Thoracic Surgery Department within the structure of the Warmian \u2013 Masurian Pulmonary Diseases Centre in Olsztyn: expansion of activities and innovations implemented<\/em><\/p>\n\n\n\n<figure class=\"wp-block-image size-large is-resized\"><img loading=\"lazy\" decoding=\"async\" width=\"763\" height=\"1024\" src=\"https:\/\/hospital360.eu\/wp-content\/uploads\/2025\/09\/DSC_1187-kopia-2-Duzy-763x1024.jpeg\" alt=\"\" class=\"wp-image-915\" style=\"width:480px\" srcset=\"https:\/\/hospital360.eu\/wp-content\/uploads\/2025\/09\/DSC_1187-kopia-2-Duzy-763x1024.jpeg 763w, https:\/\/hospital360.eu\/wp-content\/uploads\/2025\/09\/DSC_1187-kopia-2-Duzy-224x300.jpeg 224w, https:\/\/hospital360.eu\/wp-content\/uploads\/2025\/09\/DSC_1187-kopia-2-Duzy-768x1030.jpeg 768w, https:\/\/hospital360.eu\/wp-content\/uploads\/2025\/09\/DSC_1187-kopia-2-Duzy.jpeg 954w\" sizes=\"auto, (max-width: 763px) 100vw, 763px\" \/><\/figure>\n\n\n\n<p class=\"has-mono-1-color has-text-color has-link-color wp-elements-c092e832c0ffd2b030461abe1df7da24\"><strong>dr n. med. Grzegorz Kulesza<\/strong> &#8211; to uznany specjalista chirurgii klatki piersiowej. Ppe\u0142ni funkcj\u0119 konsultanta wojew\u00f3dzkiego w tej dziedzinie. Wraz z zespo\u0142em nale\u017cy do pionier\u00f3w innowacyjnych zabieg\u00f3w rekonstrukcyjnych mostka po wyci\u0119ciu guz\u00f3w, z zastosowaniem indywidualnie przygotowywanych tytanowych implant\u00f3w tworzonych na podstawie tomografii przedoperacyjnej.<\/p>\n\n\n\n<p class=\"has-mono-1-color has-text-color has-link-color wp-elements-9976838c7ed01a49d016fda5dd5e77b8\">Nieustannie pod\u0105\u017ca za najnowszymi osi\u0105gni\u0119ciami medycyny, inspiruj\u0105c i motywuj\u0105c sw\u00f3j zesp\u00f3\u0142 do doskonalenia umiej\u0119tno\u015bci zar\u00f3wno w kraju, jak i za granic\u0105. Pod jego kierownictwem w ostatnich latach liczba operacji raka p\u0142uca oraz innych schorze\u0144 klatki piersiowej zosta\u0142a podwojona.<\/p>\n\n\n\n<p class=\"has-contrast-dark-color has-text-color has-link-color wp-elements-73143c28f473643714cbf727a2956a68\"><em><strong>Grzegorz Kulesza, MD, PhD<\/strong> &#8211; is a recognized specialist in general and thoracic surgery, serving as the Regional Consultant in Thoracic Surgery. Together with his team, he is among the pioneers of innovative sternum reconstruction procedures performed after tumor removal \u2013 using individually designed titanium implants created precisely based on preoperative CT scans.<\/em><\/p>\n\n\n\n<p class=\"has-contrast-dark-color has-text-color has-link-color wp-elements-e299d003327f4f058ff9ccbffaf5e251\"><em>He continuously follows the latest advances in medicine, motivating his team to enhance their skills both in Poland and abroad. Under his leadership, the number of surgeries for lung cancer and other thoracic conditions has doubled in recent years.<\/em><\/p>\n\n\n\n<p><\/p>\n\n\n\n<p><\/p>\n\n\n\n<p><\/p>\n","protected":false},"excerpt":{"rendered":"<p>Koordynator Oddzia\u0142u Chirurgii Klatki Piersiowej, Warmi\u0144sko-Mazurskie Centrum Chor\u00f3b P\u0142uc Coordinator of the Department of Thoracic Surgery, Warmian-Masurian Pulmonary Diseases Center&nbsp;in&nbsp;Olsztyn Temat wyst\u0105pieniaHistoria i rola Oddzia\u0142u Torakochirurgii w strukturze Warmi\u0144sko-Mazurskiego Centrum Chor\u00f3b P\u0142uc w Olsztynie: wzrost zakresu dzia\u0142a\u0144 i zastosowane innowacje Presentation topicHistory and role of the Thoracic Surgery Department within the structure of the Warmian [&hellip;]<\/p>\n","protected":false},"author":4,"featured_media":0,"parent":0,"menu_order":0,"comment_status":"closed","ping_status":"closed","template":"","meta":{"footnotes":""},"class_list":["post-593","page","type-page","status-publish","hentry"],"_links":{"self":[{"href":"https:\/\/hospital360.eu\/index.php?rest_route=\/wp\/v2\/pages\/593","targetHints":{"allow":["GET"]}}],"collection":[{"href":"https:\/\/hospital360.eu\/index.php?rest_route=\/wp\/v2\/pages"}],"about":[{"href":"https:\/\/hospital360.eu\/index.php?rest_route=\/wp\/v2\/types\/page"}],"author":[{"embeddable":true,"href":"https:\/\/hospital360.eu\/index.php?rest_route=\/wp\/v2\/users\/4"}],"replies":[{"embeddable":true,"href":"https:\/\/hospital360.eu\/index.php?rest_route=%2Fwp%2Fv2%2Fcomments&post=593"}],"version-history":[{"count":11,"href":"https:\/\/hospital360.eu\/index.php?rest_route=\/wp\/v2\/pages\/593\/revisions"}],"predecessor-version":[{"id":1129,"href":"https:\/\/hospital360.eu\/index.php?rest_route=\/wp\/v2\/pages\/593\/revisions\/1129"}],"wp:attachment":[{"href":"https:\/\/hospital360.eu\/index.php?rest_route=%2Fwp%2Fv2%2Fmedia&parent=593"}],"curies":[{"name":"wp","href":"https:\/\/api.w.org\/{rel}","templated":true}]}}