{"id":320,"date":"2025-08-26T10:19:51","date_gmt":"2025-08-26T08:19:51","guid":{"rendered":"https:\/\/hospital360.eu\/?page_id=320"},"modified":"2025-08-29T12:53:36","modified_gmt":"2025-08-29T10:53:36","slug":"dr-inz-janusz-sasak","status":"publish","type":"page","link":"https:\/\/hospital360.eu\/?page_id=320","title":{"rendered":"dr in\u017c. Janusz Sasak"},"content":{"rendered":"\n<p class=\"has-mono-1-color has-text-color has-link-color has-superbfont-large-font-size wp-elements-6638beaf48a1bfd0a1b10863b6b146ac\">Instytut Spraw Publicznych, Uniwersytet Jagiello\u0144ski<\/p>\n\n\n\n<p class=\"has-mono-1-color has-text-color has-link-color has-superbfont-large-font-size wp-elements-0a115ffffd284a90dbf3ab1ca2635281\"><em>Institute of Public Affairs, Jagiellonian University<\/em><\/p>\n\n\n\n<p class=\"has-mono-1-color has-text-color has-link-color wp-elements-0a91daf855d29f742ffc16ed2a823043\"><strong>Temat wyst\u0105pienia<\/strong><br><em>Modele wdra\u017cania technologii RPA w jednostkach ochrony zdrowia<\/em><\/p>\n\n\n\n<p class=\"has-mono-1-color has-text-color has-link-color wp-elements-f3d57396b91980c2fd124e35bbd20f03\"><em><strong>Presentation topic<\/strong><br>Models for implementing RPA technology in healthcare facilities<\/em><\/p>\n\n\n\n<figure class=\"wp-block-image size-large is-resized\"><img loading=\"lazy\" decoding=\"async\" width=\"848\" height=\"1024\" src=\"http:\/\/hospital360.eu\/wp-content\/uploads\/2025\/08\/SASAK-2-848x1024.png\" alt=\"\" class=\"wp-image-555\" style=\"width:480px\" srcset=\"https:\/\/hospital360.eu\/wp-content\/uploads\/2025\/08\/SASAK-2-848x1024.png 848w, https:\/\/hospital360.eu\/wp-content\/uploads\/2025\/08\/SASAK-2-248x300.png 248w, https:\/\/hospital360.eu\/wp-content\/uploads\/2025\/08\/SASAK-2-768x928.png 768w, https:\/\/hospital360.eu\/wp-content\/uploads\/2025\/08\/SASAK-2.png 1260w\" sizes=\"auto, (max-width: 848px) 100vw, 848px\" \/><\/figure>\n\n\n\n<p class=\"has-contrast-dark-color has-text-color has-link-color wp-elements-ecb5282c4079a1abd8f83720f3734165\"><strong>Janusz Sasak<\/strong> \u2013 adiunkt w&nbsp;<strong>Instytucie Spraw Publicznych Uniwersytetu Jagiello\u0144skiego<\/strong>, kierownik Laboratorium Modelowania i Robotycznej Automatyzacji Proces\u00f3w (RPA), ekspert Banku \u015awiatowego w zakresie cyfryzacji i automatyzacji w sektorze publicznym. Specjalizuje si\u0119 w informatycznych systemach zarz\u0105dzania i wykorzystaniu podej\u015bcia procesowego jako narz\u0119dzia doskonalenia instytucji.<\/p>\n\n\n\n<p class=\"has-contrast-dark-color has-text-color has-link-color wp-elements-7254eae6718002ab0251a1338bf17cc6\">Ekspert technologii RPA i koordynator licznych projekt\u00f3w automatyzacji proces\u00f3w, szczeg\u00f3lnie w ochronie zdrowia. Autor i wsp\u00f3\u0142autor podr\u0119cznik\u00f3w z zakresu zarz\u0105dzania ryzykiem i kontroli zarz\u0105dczej w plac\u00f3wkach medycznych. Prywatnie pasjonat offroadu.<\/p>\n\n\n\n<p class=\"has-mono-1-color has-text-color has-link-color wp-elements-5cba960b93a0e74fa76d26a2a0807d35\"><em><strong>Janusz Sasak<\/strong> &#8211; Assistant Professor at the Institute of Public Affairs of the Jagiellonian University, Head of the Laboratory of Modelling and Robotic Process Automation (RPA), and a World Bank expert on digitisation and automation in the public sector. He specialises in IT management systems and the use of a process-based approach as a tool for institutional improvement.<\/em> <\/p>\n\n\n\n<p class=\"has-mono-1-color has-text-color has-link-color wp-elements-90917d533bc0205d328bc7ae2e026a92\"><em>RPA technology expert and coordinator of numerous process automation projects, with a particular focus on the healthcare sector. I am an author and co-author of textbooks on risk management and management control in medical facilities. In private, he has a keen interest in off-roading.<\/em><\/p>\n\n\n\n<p class=\"has-mono-2-color has-text-color has-link-color has-superbfont-xsmall-font-size wp-elements-770c8739d40b5c31c04b2f6d7fd40723\"><\/p>\n","protected":false},"excerpt":{"rendered":"<p>Instytut Spraw Publicznych, Uniwersytet Jagiello\u0144ski Institute of Public Affairs, Jagiellonian University Temat wyst\u0105pieniaModele wdra\u017cania technologii RPA w jednostkach ochrony zdrowia Presentation topicModels for implementing RPA technology in healthcare facilities Janusz Sasak \u2013 adiunkt w&nbsp;Instytucie Spraw Publicznych Uniwersytetu Jagiello\u0144skiego, kierownik Laboratorium Modelowania i Robotycznej Automatyzacji Proces\u00f3w (RPA), ekspert Banku \u015awiatowego w zakresie cyfryzacji i automatyzacji w [&hellip;]<\/p>\n","protected":false},"author":2,"featured_media":0,"parent":0,"menu_order":0,"comment_status":"closed","ping_status":"closed","template":"","meta":{"footnotes":""},"class_list":["post-320","page","type-page","status-publish","hentry"],"_links":{"self":[{"href":"https:\/\/hospital360.eu\/index.php?rest_route=\/wp\/v2\/pages\/320","targetHints":{"allow":["GET"]}}],"collection":[{"href":"https:\/\/hospital360.eu\/index.php?rest_route=\/wp\/v2\/pages"}],"about":[{"href":"https:\/\/hospital360.eu\/index.php?rest_route=\/wp\/v2\/types\/page"}],"author":[{"embeddable":true,"href":"https:\/\/hospital360.eu\/index.php?rest_route=\/wp\/v2\/users\/2"}],"replies":[{"embeddable":true,"href":"https:\/\/hospital360.eu\/index.php?rest_route=%2Fwp%2Fv2%2Fcomments&post=320"}],"version-history":[{"count":17,"href":"https:\/\/hospital360.eu\/index.php?rest_route=\/wp\/v2\/pages\/320\/revisions"}],"predecessor-version":[{"id":556,"href":"https:\/\/hospital360.eu\/index.php?rest_route=\/wp\/v2\/pages\/320\/revisions\/556"}],"wp:attachment":[{"href":"https:\/\/hospital360.eu\/index.php?rest_route=%2Fwp%2Fv2%2Fmedia&parent=320"}],"curies":[{"name":"wp","href":"https:\/\/api.w.org\/{rel}","templated":true}]}}